{"id":546,"date":"2019-09-11T03:28:05","date_gmt":"2019-09-11T03:28:05","guid":{"rendered":"https:\/\/maroon-squid-270101.hostingersite.com\/?page_id=546"},"modified":"2022-05-18T18:03:42","modified_gmt":"2022-05-18T18:03:42","slug":"vii-encontro-artes-pola-integracion","status":"publish","type":"page","link":"https:\/\/artespolaintegracion.gal\/es\/vii-encontro-artes-pola-integracion\/","title":{"rendered":"VII Encontro Artes pola Integraci\u00f3n"},"content":{"rendered":"<p>[et_pb_section bb_built=\u00bb1&#8243; fullwidth=\u00bbon\u00bb specialty=\u00bboff\u00bb next_background_color=\u00bb#000000&#8243; inner_width=\u00bbauto\u00bb inner_max_width=\u00bbnone\u00bb][et_pb_fullwidth_header _builder_version=\u00bb3.23.3&#8243; title=\u00bbVII Encontro Artes Pola Integraci\u00f3n\u00bb subhead=\u00bbPrograma Encontros Anteriores\u00bb box_shadow_horizontal_image_tablet=\u00bb0px\u00bb box_shadow_vertical_image_tablet=\u00bb0px\u00bb box_shadow_blur_image_tablet=\u00bb40px\u00bb box_shadow_spread_image_tablet=\u00bb0px\u00bb text_shadow_horizontal_length=\u00bbtext_shadow_style,%91object Object%93&#8243; text_shadow_horizontal_length_tablet=\u00bb0px\u00bb text_shadow_vertical_length=\u00bbtext_shadow_style,%91object Object%93&#8243; text_shadow_vertical_length_tablet=\u00bb0px\u00bb text_shadow_blur_strength=\u00bbtext_shadow_style,%91object Object%93&#8243; text_shadow_blur_strength_tablet=\u00bb1px\u00bb title_text_shadow_horizontal_length=\u00bbtitle_text_shadow_style,%91object Object%93&#8243; title_text_shadow_horizontal_length_tablet=\u00bb0px\u00bb title_text_shadow_vertical_length=\u00bbtitle_text_shadow_style,%91object Object%93&#8243; title_text_shadow_vertical_length_tablet=\u00bb0px\u00bb title_text_shadow_blur_strength=\u00bbtitle_text_shadow_style,%91object Object%93&#8243; title_text_shadow_blur_strength_tablet=\u00bb1px\u00bb content_text_shadow_horizontal_length=\u00bbcontent_text_shadow_style,%91object Object%93&#8243; content_text_shadow_horizontal_length_tablet=\u00bb0px\u00bb content_text_shadow_vertical_length=\u00bbcontent_text_shadow_style,%91object Object%93&#8243; content_text_shadow_vertical_length_tablet=\u00bb0px\u00bb content_text_shadow_blur_strength=\u00bbcontent_text_shadow_style,%91object Object%93&#8243; content_text_shadow_blur_strength_tablet=\u00bb1px\u00bb content_link_text_shadow_horizontal_length=\u00bbcontent_link_text_shadow_style,%91object Object%93&#8243; content_link_text_shadow_horizontal_length_tablet=\u00bb0px\u00bb content_link_text_shadow_vertical_length=\u00bbcontent_link_text_shadow_style,%91object Object%93&#8243; content_link_text_shadow_vertical_length_tablet=\u00bb0px\u00bb content_link_text_shadow_blur_strength=\u00bbcontent_link_text_shadow_style,%91object Object%93&#8243; content_link_text_shadow_blur_strength_tablet=\u00bb1px\u00bb content_ul_text_shadow_horizontal_length=\u00bbcontent_ul_text_shadow_style,%91object Object%93&#8243; content_ul_text_shadow_horizontal_length_tablet=\u00bb0px\u00bb content_ul_text_shadow_vertical_length=\u00bbcontent_ul_text_shadow_style,%91object Object%93&#8243; content_ul_text_shadow_vertical_length_tablet=\u00bb0px\u00bb content_ul_text_shadow_blur_strength=\u00bbcontent_ul_text_shadow_style,%91object Object%93&#8243; content_ul_text_shadow_blur_strength_tablet=\u00bb1px\u00bb content_ol_text_shadow_horizontal_length=\u00bbcontent_ol_text_shadow_style,%91object Object%93&#8243; content_ol_text_shadow_horizontal_length_tablet=\u00bb0px\u00bb content_ol_text_shadow_vertical_length=\u00bbcontent_ol_text_shadow_style,%91object Object%93&#8243; content_ol_text_shadow_vertical_length_tablet=\u00bb0px\u00bb content_ol_text_shadow_blur_strength=\u00bbcontent_ol_text_shadow_style,%91object Object%93&#8243; content_ol_text_shadow_blur_strength_tablet=\u00bb1px\u00bb content_quote_text_shadow_horizontal_length=\u00bbcontent_quote_text_shadow_style,%91object Object%93&#8243; content_quote_text_shadow_horizontal_length_tablet=\u00bb0px\u00bb content_quote_text_shadow_vertical_length=\u00bbcontent_quote_text_shadow_style,%91object Object%93&#8243; content_quote_text_shadow_vertical_length_tablet=\u00bb0px\u00bb content_quote_text_shadow_blur_strength=\u00bbcontent_quote_text_shadow_style,%91object Object%93&#8243; content_quote_text_shadow_blur_strength_tablet=\u00bb1px\u00bb subhead_text_shadow_horizontal_length=\u00bbsubhead_text_shadow_style,%91object Object%93&#8243; subhead_text_shadow_horizontal_length_tablet=\u00bb0px\u00bb subhead_text_shadow_vertical_length=\u00bbsubhead_text_shadow_style,%91object Object%93&#8243; subhead_text_shadow_vertical_length_tablet=\u00bb0px\u00bb subhead_text_shadow_blur_strength=\u00bbsubhead_text_shadow_style,%91object Object%93&#8243; subhead_text_shadow_blur_strength_tablet=\u00bb1px\u00bb button_one_text_shadow_horizontal_length=\u00bbbutton_one_text_shadow_style,%91object Object%93&#8243; button_one_text_shadow_horizontal_length_tablet=\u00bb0px\u00bb button_one_text_shadow_vertical_length=\u00bbbutton_one_text_shadow_style,%91object Object%93&#8243; button_one_text_shadow_vertical_length_tablet=\u00bb0px\u00bb button_one_text_shadow_blur_strength=\u00bbbutton_one_text_shadow_style,%91object Object%93&#8243; button_one_text_shadow_blur_strength_tablet=\u00bb1px\u00bb box_shadow_horizontal_button_one_tablet=\u00bb0px\u00bb box_shadow_vertical_button_one_tablet=\u00bb0px\u00bb box_shadow_blur_button_one_tablet=\u00bb40px\u00bb box_shadow_spread_button_one_tablet=\u00bb0px\u00bb button_two_text_shadow_horizontal_length=\u00bbbutton_two_text_shadow_style,%91object Object%93&#8243; button_two_text_shadow_horizontal_length_tablet=\u00bb0px\u00bb button_two_text_shadow_vertical_length=\u00bbbutton_two_text_shadow_style,%91object Object%93&#8243; button_two_text_shadow_vertical_length_tablet=\u00bb0px\u00bb button_two_text_shadow_blur_strength=\u00bbbutton_two_text_shadow_style,%91object Object%93&#8243; button_two_text_shadow_blur_strength_tablet=\u00bb1px\u00bb box_shadow_horizontal_button_two_tablet=\u00bb0px\u00bb box_shadow_vertical_button_two_tablet=\u00bb0px\u00bb box_shadow_blur_button_two_tablet=\u00bb40px\u00bb box_shadow_spread_button_two_tablet=\u00bb0px\u00bb box_shadow_horizontal_tablet=\u00bb0px\u00bb box_shadow_vertical_tablet=\u00bb0px\u00bb box_shadow_blur_tablet=\u00bb40px\u00bb box_shadow_spread_tablet=\u00bb0px\u00bb z_index_tablet=\u00bb500&#8243; \/][\/et_pb_section][et_pb_section bb_built=\u00bb1&#8243; inner_width=\u00bbauto\u00bb inner_max_width=\u00bbnone\u00bb prev_background_color=\u00bb#000000&#8243;][et_pb_row][et_pb_column type=\u00bb4_4&#8243;][et_pb_image _builder_version=\u00bb3.23.3&#8243; box_shadow_horizontal_tablet=\u00bb0px\u00bb box_shadow_vertical_tablet=\u00bb0px\u00bb box_shadow_blur_tablet=\u00bb40px\u00bb box_shadow_spread_tablet=\u00bb0px\u00bb z_index_tablet=\u00bb500&#8243; src=\u00bbhttp:\/\/artespolaintegracion.gal\/wp-content\/uploads\/2019\/09\/vii-encorto-artes-pola-integracion-a.jpg\u00bb \/][et_pb_image _builder_version=\u00bb3.23.3&#8243; box_shadow_horizontal_tablet=\u00bb0px\u00bb box_shadow_vertical_tablet=\u00bb0px\u00bb box_shadow_blur_tablet=\u00bb40px\u00bb box_shadow_spread_tablet=\u00bb0px\u00bb z_index_tablet=\u00bb500&#8243; src=\u00bbhttp:\/\/artespolaintegracion.gal\/wp-content\/uploads\/2019\/09\/vii-encorto-artes-pola-integracion-b.jpg\u00bb \/][\/et_pb_column][\/et_pb_row][\/et_pb_section]<\/p>\n","protected":false},"excerpt":{"rendered":"<div class=\"et_pb_row et_pb_row_0 et_pb_row_empty\">\n\t\t\t\t\n\t\t\t\t\n\t\t\t\t\n\t\t\t\t\n\t\t\t\t\n\t\t\t<\/div>\n","protected":false},"author":1,"featured_media":0,"parent":0,"menu_order":0,"comment_status":"closed","ping_status":"closed","template":"","meta":{"_et_pb_use_builder":"on","_et_pb_old_content":"","_et_gb_content_width":"","footnotes":""},"class_list":["post-546","page","type-page","status-publish","hentry"],"yoast_head":"<!-- This site is optimized with the Yoast SEO plugin v27.3 - https:\/\/yoast.com\/product\/yoast-seo-wordpress\/ -->\n<title>VII Encontro Artes pola Integraci\u00f3n - Artes Pola Integraci\u00f3n<\/title>\n<meta name=\"robots\" content=\"index, follow, max-snippet:-1, max-image-preview:large, max-video-preview:-1\" \/>\n<link rel=\"canonical\" href=\"https:\/\/artespolaintegracion.gal\/es\/vii-encontro-artes-pola-integracion\/\" \/>\n<meta property=\"og:locale\" content=\"es_ES\" \/>\n<meta property=\"og:type\" content=\"article\" \/>\n<meta property=\"og:title\" content=\"VII Encontro Artes pola Integraci\u00f3n - Artes Pola Integraci\u00f3n\" \/>\n<meta property=\"og:url\" content=\"https:\/\/artespolaintegracion.gal\/es\/vii-encontro-artes-pola-integracion\/\" \/>\n<meta property=\"og:site_name\" content=\"Artes Pola Integraci\u00f3n\" \/>\n<meta property=\"article:modified_time\" content=\"2022-05-18T18:03:42+00:00\" \/>\n<meta name=\"twitter:card\" content=\"summary_large_image\" \/>\n<meta name=\"twitter:description\" content=\"[et_pb_row]\" \/>\n<meta name=\"twitter:label1\" content=\"Tiempo de lectura\" \/>\n\t<meta name=\"twitter:data1\" content=\"4 minutos\" \/>\n<script type=\"application\/ld+json\" class=\"yoast-schema-graph\">{\"@context\":\"https:\\\/\\\/schema.org\",\"@graph\":[{\"@type\":\"WebPage\",\"@id\":\"https:\\\/\\\/artespolaintegracion.gal\\\/es\\\/vii-encontro-artes-pola-integracion\\\/\",\"url\":\"https:\\\/\\\/artespolaintegracion.gal\\\/es\\\/vii-encontro-artes-pola-integracion\\\/\",\"name\":\"VII Encontro Artes pola Integraci\u00f3n - Artes Pola Integraci\u00f3n\",\"isPartOf\":{\"@id\":\"https:\\\/\\\/artespolaintegracion.gal\\\/#website\"},\"datePublished\":\"2019-09-11T03:28:05+00:00\",\"dateModified\":\"2022-05-18T18:03:42+00:00\",\"breadcrumb\":{\"@id\":\"https:\\\/\\\/artespolaintegracion.gal\\\/es\\\/vii-encontro-artes-pola-integracion\\\/#breadcrumb\"},\"inLanguage\":\"es\",\"potentialAction\":[{\"@type\":\"ReadAction\",\"target\":[\"https:\\\/\\\/artespolaintegracion.gal\\\/es\\\/vii-encontro-artes-pola-integracion\\\/\"]}]},{\"@type\":\"BreadcrumbList\",\"@id\":\"https:\\\/\\\/artespolaintegracion.gal\\\/es\\\/vii-encontro-artes-pola-integracion\\\/#breadcrumb\",\"itemListElement\":[{\"@type\":\"ListItem\",\"position\":1,\"name\":\"Home\",\"item\":\"https:\\\/\\\/artespolaintegracion.gal\\\/es\\\/\"},{\"@type\":\"ListItem\",\"position\":2,\"name\":\"VII Encontro Artes pola Integraci\u00f3n\"}]},{\"@type\":\"WebSite\",\"@id\":\"https:\\\/\\\/artespolaintegracion.gal\\\/#website\",\"url\":\"https:\\\/\\\/artespolaintegracion.gal\\\/\",\"name\":\"Artes Pola Integraci\u00f3n\",\"description\":\"Artes esc\u00e9nicas, artes visuais, mesas de reflexi\u00f3n\",\"potentialAction\":[{\"@type\":\"SearchAction\",\"target\":{\"@type\":\"EntryPoint\",\"urlTemplate\":\"https:\\\/\\\/artespolaintegracion.gal\\\/?s={search_term_string}\"},\"query-input\":{\"@type\":\"PropertyValueSpecification\",\"valueRequired\":true,\"valueName\":\"search_term_string\"}}],\"inLanguage\":\"es\"}]}<\/script>\n<!-- \/ Yoast SEO plugin. -->","yoast_head_json":{"title":"VII Encontro Artes pola Integraci\u00f3n - Artes Pola Integraci\u00f3n","robots":{"index":"index","follow":"follow","max-snippet":"max-snippet:-1","max-image-preview":"max-image-preview:large","max-video-preview":"max-video-preview:-1"},"canonical":"https:\/\/artespolaintegracion.gal\/es\/vii-encontro-artes-pola-integracion\/","og_locale":"es_ES","og_type":"article","og_title":"VII Encontro Artes pola Integraci\u00f3n - Artes Pola Integraci\u00f3n","og_url":"https:\/\/artespolaintegracion.gal\/es\/vii-encontro-artes-pola-integracion\/","og_site_name":"Artes Pola Integraci\u00f3n","article_modified_time":"2022-05-18T18:03:42+00:00","twitter_card":"summary_large_image","twitter_description":"[et_pb_row]","twitter_misc":{"Tiempo de lectura":"4 minutos"},"schema":{"@context":"https:\/\/schema.org","@graph":[{"@type":"WebPage","@id":"https:\/\/artespolaintegracion.gal\/es\/vii-encontro-artes-pola-integracion\/","url":"https:\/\/artespolaintegracion.gal\/es\/vii-encontro-artes-pola-integracion\/","name":"VII Encontro Artes pola Integraci\u00f3n - Artes Pola Integraci\u00f3n","isPartOf":{"@id":"https:\/\/artespolaintegracion.gal\/#website"},"datePublished":"2019-09-11T03:28:05+00:00","dateModified":"2022-05-18T18:03:42+00:00","breadcrumb":{"@id":"https:\/\/artespolaintegracion.gal\/es\/vii-encontro-artes-pola-integracion\/#breadcrumb"},"inLanguage":"es","potentialAction":[{"@type":"ReadAction","target":["https:\/\/artespolaintegracion.gal\/es\/vii-encontro-artes-pola-integracion\/"]}]},{"@type":"BreadcrumbList","@id":"https:\/\/artespolaintegracion.gal\/es\/vii-encontro-artes-pola-integracion\/#breadcrumb","itemListElement":[{"@type":"ListItem","position":1,"name":"Home","item":"https:\/\/artespolaintegracion.gal\/es\/"},{"@type":"ListItem","position":2,"name":"VII Encontro Artes pola Integraci\u00f3n"}]},{"@type":"WebSite","@id":"https:\/\/artespolaintegracion.gal\/#website","url":"https:\/\/artespolaintegracion.gal\/","name":"Artes Pola Integraci\u00f3n","description":"Artes esc\u00e9nicas, artes visuais, mesas de reflexi\u00f3n","potentialAction":[{"@type":"SearchAction","target":{"@type":"EntryPoint","urlTemplate":"https:\/\/artespolaintegracion.gal\/?s={search_term_string}"},"query-input":{"@type":"PropertyValueSpecification","valueRequired":true,"valueName":"search_term_string"}}],"inLanguage":"es"}]}},"_links":{"self":[{"href":"https:\/\/artespolaintegracion.gal\/es\/wp-json\/wp\/v2\/pages\/546","targetHints":{"allow":["GET"]}}],"collection":[{"href":"https:\/\/artespolaintegracion.gal\/es\/wp-json\/wp\/v2\/pages"}],"about":[{"href":"https:\/\/artespolaintegracion.gal\/es\/wp-json\/wp\/v2\/types\/page"}],"author":[{"embeddable":true,"href":"https:\/\/artespolaintegracion.gal\/es\/wp-json\/wp\/v2\/users\/1"}],"replies":[{"embeddable":true,"href":"https:\/\/artespolaintegracion.gal\/es\/wp-json\/wp\/v2\/comments?post=546"}],"version-history":[{"count":4,"href":"https:\/\/artespolaintegracion.gal\/es\/wp-json\/wp\/v2\/pages\/546\/revisions"}],"predecessor-version":[{"id":570,"href":"https:\/\/artespolaintegracion.gal\/es\/wp-json\/wp\/v2\/pages\/546\/revisions\/570"}],"wp:attachment":[{"href":"https:\/\/artespolaintegracion.gal\/es\/wp-json\/wp\/v2\/media?parent=546"}],"curies":[{"name":"wp","href":"https:\/\/api.w.org\/{rel}","templated":true}]}}